{"id":21231,"date":"2025-06-03T11:57:33","date_gmt":"2025-06-03T09:57:33","guid":{"rendered":"https:\/\/hangar166.com\/?page_id=21231"},"modified":"2026-01-09T12:45:53","modified_gmt":"2026-01-09T11:45:53","slug":"a-vendre","status":"publish","type":"page","link":"https:\/\/hangar166.com\/en\/a-vendre\/","title":{"rendered":"For sale"},"content":{"rendered":"<div data-elementor-type=\"wp-page\" data-elementor-id=\"21231\" class=\"elementor elementor-21231\" data-elementor-post-type=\"page\">\n\t\t\t\t\t\t<section class=\"elementor-section elementor-top-section elementor-element elementor-element-19dec0d elementor-section-stretched scheme_default elementor-section-boxed elementor-section-height-default elementor-section-height-default sc_fly_static\" data-id=\"19dec0d\" data-element_type=\"section\" data-e-type=\"section\" data-settings=\"{&quot;stretch_section&quot;:&quot;section-stretched&quot;,&quot;background_background&quot;:&quot;classic&quot;}\">\n\t\t\t\t\t\t<div class=\"elementor-container elementor-column-gap-extended\">\n\t\t\t\t\t<div class=\"elementor-column elementor-col-100 elementor-top-column elementor-element elementor-element-23ef749 sc_inner_width_none sc_content_align_inherit sc_layouts_column_icons_position_left sc_fly_static\" data-id=\"23ef749\" data-element_type=\"column\" data-e-type=\"column\">\n\t\t\t<div class=\"elementor-widget-wrap elementor-element-populated\">\n\t\t\t\t\t\t<div class=\"elementor-element elementor-element-a508cb6 sc_fly_static elementor-widget elementor-widget-spacer\" data-id=\"a508cb6\" data-element_type=\"widget\" data-e-type=\"widget\" data-widget_type=\"spacer.default\">\n\t\t\t\t<div class=\"elementor-widget-container\">\n\t\t\t\t\t\t\t<div class=\"elementor-spacer\">\n\t\t\t<div class=\"elementor-spacer-inner\"><\/div>\n\t\t<\/div>\n\t\t\t\t\t\t<\/div>\n\t\t\t\t<\/div>\n\t\t\t\t<div class=\"elementor-element elementor-element-b789b6a sc_fly_static elementor-widget elementor-widget-heading\" data-id=\"b789b6a\" data-element_type=\"widget\" data-e-type=\"widget\" data-widget_type=\"heading.default\">\n\t\t\t\t<div class=\"elementor-widget-container\">\n\t\t\t\t\t<h1 class=\"elementor-heading-title elementor-size-default\">FOR SALE<\/h1>\t\t\t\t<\/div>\n\t\t\t\t<\/div>\n\t\t\t\t<div class=\"elementor-element elementor-element-be7e0dd sc_fly_static elementor-widget elementor-widget-spacer\" data-id=\"be7e0dd\" data-element_type=\"widget\" data-e-type=\"widget\" data-widget_type=\"spacer.default\">\n\t\t\t\t<div class=\"elementor-widget-container\">\n\t\t\t\t\t\t\t<div class=\"elementor-spacer\">\n\t\t\t<div class=\"elementor-spacer-inner\"><\/div>\n\t\t<\/div>\n\t\t\t\t\t\t<\/div>\n\t\t\t\t<\/div>\n\t\t\t\t<div data-mouse-helper=\"hover\" data-mouse-helper-hide-helper=\"0\" data-mouse-helper-centered=\"0\" data-mouse-helper-magnet=\"0\" data-mouse-helper-color=\"\" data-mouse-helper-bg-color=\"\" data-mouse-helper-bd-color=\"\" data-mouse-helper-bd-width=\"-1\" data-mouse-helper-mode=\"\" data-mouse-helper-axis=\"xy\" data-mouse-helper-delay=\"8\" data-mouse-helper-text=\"\" data-mouse-helper-text-size=\"\" data-mouse-helper-text-round=\"0\" data-mouse-helper-icon=\"\" data-mouse-helper-icon-size=\"\" data-mouse-helper-icon-color=\"\" data-mouse-helper-image=\"\" data-mouse-helper-layout=\"\" data-mouse-helper-class=\"\" data-mouse-helper-callback=\"\" data-mouse-helper-hide-cursor=\"0\" class=\"elementor-element elementor-element-61cd1c2 elementor-grid-3 elementor-grid-tablet-2 elementor-grid-mobile-1 sc_fly_static elementor-widget elementor-widget-portfolio\" data-id=\"61cd1c2\" data-element_type=\"widget\" data-e-type=\"widget\" data-settings=\"{&quot;item_ratio&quot;:{&quot;unit&quot;:&quot;px&quot;,&quot;size&quot;:0.77,&quot;sizes&quot;:[]},&quot;row_gap&quot;:{&quot;unit&quot;:&quot;px&quot;,&quot;size&quot;:20,&quot;sizes&quot;:[]},&quot;columns&quot;:&quot;3&quot;,&quot;columns_tablet&quot;:&quot;2&quot;,&quot;columns_mobile&quot;:&quot;1&quot;,&quot;item_gap&quot;:{&quot;unit&quot;:&quot;px&quot;,&quot;size&quot;:&quot;&quot;,&quot;sizes&quot;:[]}}\" data-widget_type=\"portfolio.default\">\n\t\t\t\t<div class=\"elementor-widget-container\">\n\t\t\t\t\t\t\t<div class=\"elementor-portfolio elementor-grid elementor-posts-container\" role=\"list\">\n\t\t\t\t<article class=\"elementor-portfolio-item elementor-post  post-3155 cpt_portfolio type-cpt_portfolio status-publish has-post-thumbnail hentry cpt_portfolio_group-d90\" role=\"listitem\">\n\t\t\t<a class=\"elementor-post__thumbnail__link\" href=\"https:\/\/hangar166.com\/en\/portfolio\/defender-90-midnight-red-soft-top\/\">\n\t\t\t\t<div class=\"elementor-portfolio-item__img elementor-post__thumbnail\">\n\t\t\t<img fetchpriority=\"high\" decoding=\"async\" width=\"841\" height=\"1024\" src=\"https:\/\/hangar166.com\/wp-content\/uploads\/2020\/05\/7R504731-scaled-e1748273325273-841x1024.jpg\" class=\"attachment-large size-large wp-image-21099\" alt=\"\" srcset=\"https:\/\/hangar166.com\/wp-content\/uploads\/2020\/05\/7R504731-scaled-e1748273325273-841x1024.jpg 841w, https:\/\/hangar166.com\/wp-content\/uploads\/2020\/05\/7R504731-scaled-e1748273325273-246x300.jpg 246w, https:\/\/hangar166.com\/wp-content\/uploads\/2020\/05\/7R504731-scaled-e1748273325273-768x935.jpg 768w, https:\/\/hangar166.com\/wp-content\/uploads\/2020\/05\/7R504731-scaled-e1748273325273-1262x1536.jpg 1262w, https:\/\/hangar166.com\/wp-content\/uploads\/2020\/05\/7R504731-scaled-e1748273325273-1682x2048.jpg 1682w, https:\/\/hangar166.com\/wp-content\/uploads\/2020\/05\/7R504731-scaled-e1748273325273-370x450.jpg 370w, https:\/\/hangar166.com\/wp-content\/uploads\/2020\/05\/7R504731-scaled-e1748273325273-840x1023.jpg 840w, https:\/\/hangar166.com\/wp-content\/uploads\/2020\/05\/7R504731-scaled-e1748273325273-410x499.jpg 410w, https:\/\/hangar166.com\/wp-content\/uploads\/2020\/05\/7R504731-scaled-e1748273325273.jpg 1707w\" sizes=\"(max-width: 841px) 100vw, 841px\" \/>\t\t<\/div>\n\t\t\t\t<div class=\"elementor-portfolio-item__overlay\">\n\t\t\t\t<p class=\"elementor-portfolio-item__title\">\n\t\tDefender 90 Midnight Red Soft Top\t\t<\/p>\n\t\t\t\t<\/div>\n\t\t\t\t<\/a>\n\t\t<\/article>\n\t\t\t\t<article class=\"elementor-portfolio-item elementor-post  post-18018 cpt_portfolio type-cpt_portfolio status-publish has-post-thumbnail hentry cpt_portfolio_group-d90\" role=\"listitem\">\n\t\t\t<a class=\"elementor-post__thumbnail__link\" href=\"https:\/\/hangar166.com\/en\/portfolio\/hangar166-defender-90-midnight-grey-soft-top\/\">\n\t\t\t\t<div class=\"elementor-portfolio-item__img elementor-post__thumbnail\">\n\t\t\t<img decoding=\"async\" width=\"683\" height=\"1024\" src=\"https:\/\/hangar166.com\/wp-content\/uploads\/2021\/10\/7R506499-683x1024.jpg\" class=\"attachment-large size-large wp-image-21074\" alt=\"\" srcset=\"https:\/\/hangar166.com\/wp-content\/uploads\/2021\/10\/7R506499-683x1024.jpg 683w, https:\/\/hangar166.com\/wp-content\/uploads\/2021\/10\/7R506499-200x300.jpg 200w, https:\/\/hangar166.com\/wp-content\/uploads\/2021\/10\/7R506499-768x1152.jpg 768w, https:\/\/hangar166.com\/wp-content\/uploads\/2021\/10\/7R506499-1024x1536.jpg 1024w, https:\/\/hangar166.com\/wp-content\/uploads\/2021\/10\/7R506499-1365x2048.jpg 1365w, https:\/\/hangar166.com\/wp-content\/uploads\/2021\/10\/7R506499-370x555.jpg 370w, https:\/\/hangar166.com\/wp-content\/uploads\/2021\/10\/7R506499-840x1260.jpg 840w, https:\/\/hangar166.com\/wp-content\/uploads\/2021\/10\/7R506499-410x615.jpg 410w, https:\/\/hangar166.com\/wp-content\/uploads\/2021\/10\/7R506499-scaled.jpg 1707w\" sizes=\"(max-width: 683px) 100vw, 683px\" \/>\t\t<\/div>\n\t\t\t\t<div class=\"elementor-portfolio-item__overlay\">\n\t\t\t\t<p class=\"elementor-portfolio-item__title\">\n\t\tDefender 90 Midnight Grey\u00a0Soft Top\t\t<\/p>\n\t\t\t\t<\/div>\n\t\t\t\t<\/a>\n\t\t<\/article>\n\t\t\t\t<article class=\"elementor-portfolio-item elementor-post  post-18019 cpt_portfolio type-cpt_portfolio status-publish has-post-thumbnail hentry cpt_portfolio_group-d90\" role=\"listitem\">\n\t\t\t<a class=\"elementor-post__thumbnail__link\" href=\"https:\/\/hangar166.com\/en\/portfolio\/defender-90-balmoral-green\/\">\n\t\t\t\t<div class=\"elementor-portfolio-item__img elementor-post__thumbnail\">\n\t\t\t<img decoding=\"async\" width=\"780\" height=\"1024\" src=\"https:\/\/hangar166.com\/wp-content\/uploads\/2021\/10\/7R503795-1-scaled-e1748272980321-780x1024.jpg\" class=\"attachment-large size-large wp-image-21068\" alt=\"\" srcset=\"https:\/\/hangar166.com\/wp-content\/uploads\/2021\/10\/7R503795-1-scaled-e1748272980321-780x1024.jpg 780w, https:\/\/hangar166.com\/wp-content\/uploads\/2021\/10\/7R503795-1-scaled-e1748272980321-229x300.jpg 229w, https:\/\/hangar166.com\/wp-content\/uploads\/2021\/10\/7R503795-1-scaled-e1748272980321-768x1008.jpg 768w, https:\/\/hangar166.com\/wp-content\/uploads\/2021\/10\/7R503795-1-scaled-e1748272980321-1171x1536.jpg 1171w, https:\/\/hangar166.com\/wp-content\/uploads\/2021\/10\/7R503795-1-scaled-e1748272980321-1561x2048.jpg 1561w, https:\/\/hangar166.com\/wp-content\/uploads\/2021\/10\/7R503795-1-scaled-e1748272980321-370x486.jpg 370w, https:\/\/hangar166.com\/wp-content\/uploads\/2021\/10\/7R503795-1-scaled-e1748272980321-840x1102.jpg 840w, https:\/\/hangar166.com\/wp-content\/uploads\/2021\/10\/7R503795-1-scaled-e1748272980321-410x538.jpg 410w, https:\/\/hangar166.com\/wp-content\/uploads\/2021\/10\/7R503795-1-scaled-e1748272980321.jpg 1707w\" sizes=\"(max-width: 780px) 100vw, 780px\" \/>\t\t<\/div>\n\t\t\t\t<div class=\"elementor-portfolio-item__overlay\">\n\t\t\t\t<p class=\"elementor-portfolio-item__title\">\n\t\tDefender 90 Balmoral Green\t\t<\/p>\n\t\t\t\t<\/div>\n\t\t\t\t<\/a>\n\t\t<\/article>\n\t\t\t\t<\/div>\n\t\t\t\t\t\t<\/div>\n\t\t\t\t<\/div>\n\t\t\t\t\t<\/div>\n\t\t<\/div>\n\t\t\t\t\t<\/div>\n\t\t<\/section>\n\t\t\t\t<section class=\"elementor-section elementor-top-section elementor-element elementor-element-f006aaa elementor-section-boxed elementor-section-height-default elementor-section-height-default sc_fly_static\" data-id=\"f006aaa\" data-element_type=\"section\" data-e-type=\"section\">\n\t\t\t\t\t\t<div class=\"elementor-container elementor-column-gap-extended\">\n\t\t\t\t\t<div class=\"elementor-column elementor-col-100 elementor-top-column elementor-element elementor-element-22ada1d sc_inner_width_none sc_content_align_inherit sc_layouts_column_icons_position_left sc_fly_static\" data-id=\"22ada1d\" data-element_type=\"column\" data-e-type=\"column\">\n\t\t\t<div class=\"elementor-widget-wrap elementor-element-populated\">\n\t\t\t\t\t\t<div class=\"elementor-element elementor-element-c0acbc6 elementor-align-center sc_fly_static elementor-widget elementor-widget-button\" data-id=\"c0acbc6\" data-element_type=\"widget\" data-e-type=\"widget\" data-widget_type=\"button.default\">\n\t\t\t\t<div class=\"elementor-widget-container\">\n\t\t\t\t\t\t\t\t\t<div class=\"elementor-button-wrapper\">\n\t\t\t\t\t<a class=\"elementor-button elementor-button-link elementor-size-sm\" href=\"https:\/\/hangar166.com\/en\/contact\/\">\n\t\t\t\t\t\t<span class=\"elementor-button-content-wrapper\">\n\t\t\t\t\t\t\t\t\t<span class=\"elementor-button-text\">Contact us<\/span>\n\t\t\t\t\t<\/span>\n\t\t\t\t\t<\/a>\n\t\t\t\t<\/div>\n\t\t\t\t\t\t\t\t<\/div>\n\t\t\t\t<\/div>\n\t\t\t\t\t<\/div>\n\t\t<\/div>\n\t\t\t\t\t<\/div>\n\t\t<\/section>\n\t\t\t\t<section class=\"elementor-section elementor-top-section elementor-element elementor-element-e5c1f94 elementor-section-boxed elementor-section-height-default elementor-section-height-default sc_fly_static\" data-id=\"e5c1f94\" data-element_type=\"section\" data-e-type=\"section\">\n\t\t\t\t\t\t<div class=\"elementor-container elementor-column-gap-extended\">\n\t\t\t\t\t<div class=\"elementor-column elementor-col-100 elementor-top-column elementor-element elementor-element-9c175fc sc_inner_width_none sc_content_align_inherit sc_layouts_column_icons_position_left sc_fly_static\" data-id=\"9c175fc\" data-element_type=\"column\" data-e-type=\"column\">\n\t\t\t<div class=\"elementor-widget-wrap elementor-element-populated\">\n\t\t\t\t\t\t<div class=\"elementor-element elementor-element-d1c568a sc_fly_static elementor-widget elementor-widget-spacer\" data-id=\"d1c568a\" data-element_type=\"widget\" data-e-type=\"widget\" data-widget_type=\"spacer.default\">\n\t\t\t\t<div class=\"elementor-widget-container\">\n\t\t\t\t\t\t\t<div class=\"elementor-spacer\">\n\t\t\t<div class=\"elementor-spacer-inner\"><\/div>\n\t\t<\/div>\n\t\t\t\t\t\t<\/div>\n\t\t\t\t<\/div>\n\t\t\t\t\t<\/div>\n\t\t<\/div>\n\t\t\t\t\t<\/div>\n\t\t<\/section>\n\t\t\t\t<\/div>","protected":false},"excerpt":{"rendered":"<p>\u00c0 VENDRE Nous contacter !<\/p>","protected":false},"author":2,"featured_media":0,"parent":0,"menu_order":0,"comment_status":"closed","ping_status":"closed","template":"","meta":{"footnotes":""},"class_list":["post-21231","page","type-page","status-publish","hentry"],"yoast_head":"<!-- This site is optimized with the Yoast SEO plugin v27.3 - https:\/\/yoast.com\/product\/yoast-seo-wordpress\/ -->\n<title>Hangar166 | Nos r\u00e9alisations<\/title>\n<meta name=\"description\" content=\"Explorez nos r\u00e9alisations de Defender sur mesure. Chaque projet est unique, alliant design, performance et personnalisation sign\u00e9e Hangar166\" \/>\n<meta name=\"robots\" content=\"index, follow, max-snippet:-1, max-image-preview:large, max-video-preview:-1\" \/>\n<link rel=\"canonical\" href=\"https:\/\/hangar166.com\/en\/a-vendre\/\" \/>\n<meta property=\"og:locale\" content=\"en_GB\" \/>\n<meta property=\"og:type\" content=\"article\" \/>\n<meta property=\"og:title\" content=\"Hangar166 | Nos r\u00e9alisations\" \/>\n<meta property=\"og:description\" content=\"Explorez nos r\u00e9alisations de Defender sur mesure. Chaque projet est unique, alliant design, performance et personnalisation sign\u00e9e Hangar166\" \/>\n<meta property=\"og:url\" content=\"https:\/\/hangar166.com\/en\/a-vendre\/\" \/>\n<meta property=\"og:site_name\" content=\"Hangar166\" \/>\n<meta property=\"article:modified_time\" content=\"2026-01-09T11:45:53+00:00\" \/>\n<meta name=\"twitter:card\" content=\"summary_large_image\" \/>\n<meta name=\"twitter:label1\" content=\"Estimated reading time\" \/>\n\t<meta name=\"twitter:data1\" content=\"1 minute\" \/>\n<script type=\"application\/ld+json\" class=\"yoast-schema-graph\">{\"@context\":\"https:\\\/\\\/schema.org\",\"@graph\":[{\"@type\":\"WebPage\",\"@id\":\"https:\\\/\\\/hangar166.com\\\/a-vendre\\\/\",\"url\":\"https:\\\/\\\/hangar166.com\\\/a-vendre\\\/\",\"name\":\"Hangar166 | Nos r\u00e9alisations\",\"isPartOf\":{\"@id\":\"https:\\\/\\\/hangar166.com\\\/#website\"},\"datePublished\":\"2025-06-03T09:57:33+00:00\",\"dateModified\":\"2026-01-09T11:45:53+00:00\",\"description\":\"Explorez nos r\u00e9alisations de Defender sur mesure. Chaque projet est unique, alliant design, performance et personnalisation sign\u00e9e Hangar166\",\"breadcrumb\":{\"@id\":\"https:\\\/\\\/hangar166.com\\\/a-vendre\\\/#breadcrumb\"},\"inLanguage\":\"en-GB\",\"potentialAction\":[{\"@type\":\"ReadAction\",\"target\":[\"https:\\\/\\\/hangar166.com\\\/a-vendre\\\/\"]}]},{\"@type\":\"BreadcrumbList\",\"@id\":\"https:\\\/\\\/hangar166.com\\\/a-vendre\\\/#breadcrumb\",\"itemListElement\":[{\"@type\":\"ListItem\",\"position\":1,\"name\":\"Accueil\",\"item\":\"https:\\\/\\\/hangar166.com\\\/\"},{\"@type\":\"ListItem\",\"position\":2,\"name\":\"\u00c0 vendre\"}]},{\"@type\":\"WebSite\",\"@id\":\"https:\\\/\\\/hangar166.com\\\/#website\",\"url\":\"https:\\\/\\\/hangar166.com\\\/\",\"name\":\"Hangar166\",\"description\":\"Votre sp\u00e9cialiste Defenders\",\"publisher\":{\"@id\":\"https:\\\/\\\/hangar166.com\\\/#organization\"},\"potentialAction\":[{\"@type\":\"SearchAction\",\"target\":{\"@type\":\"EntryPoint\",\"urlTemplate\":\"https:\\\/\\\/hangar166.com\\\/?s={search_term_string}\"},\"query-input\":{\"@type\":\"PropertyValueSpecification\",\"valueRequired\":true,\"valueName\":\"search_term_string\"}}],\"inLanguage\":\"en-GB\"},{\"@type\":\"Organization\",\"@id\":\"https:\\\/\\\/hangar166.com\\\/#organization\",\"name\":\"Hangar166\",\"url\":\"https:\\\/\\\/hangar166.com\\\/\",\"logo\":{\"@type\":\"ImageObject\",\"inLanguage\":\"en-GB\",\"@id\":\"https:\\\/\\\/hangar166.com\\\/#\\\/schema\\\/logo\\\/image\\\/\",\"url\":\"https:\\\/\\\/hangar166.com\\\/wp-content\\\/uploads\\\/2023\\\/11\\\/HANGAR-166-LOGO-01.png\",\"contentUrl\":\"https:\\\/\\\/hangar166.com\\\/wp-content\\\/uploads\\\/2023\\\/11\\\/HANGAR-166-LOGO-01.png\",\"width\":616,\"height\":694,\"caption\":\"Hangar166\"},\"image\":{\"@id\":\"https:\\\/\\\/hangar166.com\\\/#\\\/schema\\\/logo\\\/image\\\/\"}}]}<\/script>\n<!-- \/ Yoast SEO plugin. -->","yoast_head_json":{"title":"Hangar166 | Nos r\u00e9alisations","description":"Explorez nos r\u00e9alisations de Defender sur mesure. Chaque projet est unique, alliant design, performance et personnalisation sign\u00e9e Hangar166","robots":{"index":"index","follow":"follow","max-snippet":"max-snippet:-1","max-image-preview":"max-image-preview:large","max-video-preview":"max-video-preview:-1"},"canonical":"https:\/\/hangar166.com\/en\/a-vendre\/","og_locale":"en_GB","og_type":"article","og_title":"Hangar166 | Nos r\u00e9alisations","og_description":"Explorez nos r\u00e9alisations de Defender sur mesure. Chaque projet est unique, alliant design, performance et personnalisation sign\u00e9e Hangar166","og_url":"https:\/\/hangar166.com\/en\/a-vendre\/","og_site_name":"Hangar166","article_modified_time":"2026-01-09T11:45:53+00:00","twitter_card":"summary_large_image","twitter_misc":{"Estimated reading time":"1 minute"},"schema":{"@context":"https:\/\/schema.org","@graph":[{"@type":"WebPage","@id":"https:\/\/hangar166.com\/a-vendre\/","url":"https:\/\/hangar166.com\/a-vendre\/","name":"Hangar166 | Nos r\u00e9alisations","isPartOf":{"@id":"https:\/\/hangar166.com\/#website"},"datePublished":"2025-06-03T09:57:33+00:00","dateModified":"2026-01-09T11:45:53+00:00","description":"Explorez nos r\u00e9alisations de Defender sur mesure. Chaque projet est unique, alliant design, performance et personnalisation sign\u00e9e Hangar166","breadcrumb":{"@id":"https:\/\/hangar166.com\/a-vendre\/#breadcrumb"},"inLanguage":"en-GB","potentialAction":[{"@type":"ReadAction","target":["https:\/\/hangar166.com\/a-vendre\/"]}]},{"@type":"BreadcrumbList","@id":"https:\/\/hangar166.com\/a-vendre\/#breadcrumb","itemListElement":[{"@type":"ListItem","position":1,"name":"Accueil","item":"https:\/\/hangar166.com\/"},{"@type":"ListItem","position":2,"name":"\u00c0 vendre"}]},{"@type":"WebSite","@id":"https:\/\/hangar166.com\/#website","url":"https:\/\/hangar166.com\/","name":"Hangar166","description":"Votre sp\u00e9cialiste Defenders","publisher":{"@id":"https:\/\/hangar166.com\/#organization"},"potentialAction":[{"@type":"SearchAction","target":{"@type":"EntryPoint","urlTemplate":"https:\/\/hangar166.com\/?s={search_term_string}"},"query-input":{"@type":"PropertyValueSpecification","valueRequired":true,"valueName":"search_term_string"}}],"inLanguage":"en-GB"},{"@type":"Organization","@id":"https:\/\/hangar166.com\/#organization","name":"Hangar166","url":"https:\/\/hangar166.com\/","logo":{"@type":"ImageObject","inLanguage":"en-GB","@id":"https:\/\/hangar166.com\/#\/schema\/logo\/image\/","url":"https:\/\/hangar166.com\/wp-content\/uploads\/2023\/11\/HANGAR-166-LOGO-01.png","contentUrl":"https:\/\/hangar166.com\/wp-content\/uploads\/2023\/11\/HANGAR-166-LOGO-01.png","width":616,"height":694,"caption":"Hangar166"},"image":{"@id":"https:\/\/hangar166.com\/#\/schema\/logo\/image\/"}}]}},"_links":{"self":[{"href":"https:\/\/hangar166.com\/en\/wp-json\/wp\/v2\/pages\/21231","targetHints":{"allow":["GET"]}}],"collection":[{"href":"https:\/\/hangar166.com\/en\/wp-json\/wp\/v2\/pages"}],"about":[{"href":"https:\/\/hangar166.com\/en\/wp-json\/wp\/v2\/types\/page"}],"author":[{"embeddable":true,"href":"https:\/\/hangar166.com\/en\/wp-json\/wp\/v2\/users\/2"}],"replies":[{"embeddable":true,"href":"https:\/\/hangar166.com\/en\/wp-json\/wp\/v2\/comments?post=21231"}],"version-history":[{"count":7,"href":"https:\/\/hangar166.com\/en\/wp-json\/wp\/v2\/pages\/21231\/revisions"}],"predecessor-version":[{"id":21280,"href":"https:\/\/hangar166.com\/en\/wp-json\/wp\/v2\/pages\/21231\/revisions\/21280"}],"wp:attachment":[{"href":"https:\/\/hangar166.com\/en\/wp-json\/wp\/v2\/media?parent=21231"}],"curies":[{"name":"wp","href":"https:\/\/api.w.org\/{rel}","templated":true}]}}